{"id":65,"date":"2021-07-14T11:19:05","date_gmt":"2021-07-14T11:19:05","guid":{"rendered":"https:\/\/saarenoma.fi\/villawuorio\/?page_id=65"},"modified":"2021-07-14T11:23:46","modified_gmt":"2021-07-14T11:23:46","slug":"tietoa-villa-wuoriosta","status":"publish","type":"page","link":"https:\/\/saarenoma.fi\/villawuorio\/tietoa-villa-wuoriosta\/","title":{"rendered":"Tietoa Villa Wuoriosta"},"content":{"rendered":"\n<p class=\"has-drop-cap\"><strong>Aivan Laajasalon etel\u00e4isill\u00e4 rantakallioilla on huvila, josta avautuu uskomaton n\u00e4ky merelle, Suomenlinnaan asti.<\/strong><\/p>\n\n\n\n<p>Jugend-tyylisen rakennuksen arkkitehtuuri on omalaatuisimmasta p\u00e4\u00e4st\u00e4 ja muistuttaa hieman fantasiaelokuvan lavastusta.<\/p>\n\n\n\n<p>Villa Wuoriolla on sr-1-suojeluluokitus, eli korkein mahdollinen. Se arvioitiin 1980-luvulla rakennustaiteellisesti ja kulttuurihistoriallisesti arvokkaaksi rakennukseksi, jota ei saa purkaa tai muokata niin, ettei muutokset istu sen taiteelliseen ja historialliseen arvoon.<\/p>\n\n\n\n<p>Villa Wuorion historia ylt\u00e4\u00e4 aina 1900-luvun taitteeseen ja hieman aiemmaskin. Tontille rakennettiin torpparakennus jo 1860-luvulla.<\/p>\n\n\n\n<p>Nuoret arkkitehtilupaukset&nbsp;<strong>Herman Gesellius<\/strong>,&nbsp;<strong>Armas Lindgren<\/strong>&nbsp;ja&nbsp;<strong>Elias Saarinen<\/strong>&nbsp;suunnittelivat vuosisadan taitteessa rakennetun huvilan yhdistellen kansallisromanttista tyyli\u00e4 kansainv\u00e4liseen art nouveau- eli jugend-tyyliin.<\/p>\n\n\n\n<p>Huvilan rakennuttaneen&nbsp;<strong>Salomo Wuorion<\/strong>&nbsp;poika&nbsp;<strong>Karl Gunnar Waldemar Wuorio<\/strong>&nbsp;myi rakennukset Helsingin kaupungille 20 000 markalla vuonna 1964.<\/p>\n\n\n\n<p>Sen j\u00e4lkeen se on ollut k\u00e4yt\u00f6ss\u00e4 muun muassa nuorisoasiainkeskuksella ja ollut vuokrak\u00e4yt\u00f6ss\u00e4 edustustilana. Viime vuosina huvilalla on ollut hiljaisempaa.<\/p>\n\n\n\n<p><strong>Rakennushistoria<\/strong><\/p>\n\n\n\n<p>Villa Wuoriolle ei ole koskaan muodostettu omaa palstaa, vaan sen maa-alue kuului Turholman yksin\u00e4istalolle tai Tullisaaren kartanolle, kunnes Aino Ackt\u00e9n poika Mies Arne Heikki Renvall (Reenkola), Aino Ackt\u00e9n tyt\u00e4r Glory Lepp\u00e4nen ja h\u00e4nen miehens\u00e4 Aarne Johannes Lepp\u00e4nen myiv\u00e4t kartanon alueet Helsingin kaupungille vuonna 1929.<\/p>\n\n\n\n<p>Salomo Wuorio vuokrasi Bergvikin huvila-alueen Tullisaaren kartanolta 15.2.1897. T\u00e4ll\u00f6in vuokramaalla sijaitsi ainakin torpparakennus, joka oli rakennettu 1860-luvun aikana. Villa Wuorio valmistui Salomo Wuorion perheen kes\u00e4-asunnoksi vuosisadan vaihteessa. Kansallisromanttisen hirsirakennuksen suunnitteli nuoret arkkitehtilupaukset Herman Gesellius, Armas Lindgren ja Eliel Saarinen. Gesellius \u2013 Lindgren \u2013 Saarisen toimiston t\u00f6it\u00e4 k\u00e4sittelev\u00e4ss\u00e4 kirjallisuudessa Wuorion huvila yleens\u00e4 sivuutetaan lyhyell\u00e4 maininnalla. Huvilaa pidet\u00e4\u00e4n hapuilevana kokeiluna ja arkkitehtonisesti vaatimattomana. Rakennuksessa on tavoiteltu suomalaiskansallista tyyli\u00e4, mutta siin\u00e4 on lainauksia my\u00f6s kansainv\u00e4lisest\u00e4 art nouveau -tyylist\u00e4.<\/p>\n\n\n\n<p>Vuonna 1903 laaditussa Bergvikin huvila-alueen kartassa n\u00e4kyy kuinka kokonaisvaltaisesti alue muutettiin Wuorion perheen kes\u00e4k\u00e4ytt\u00f6\u00f6n. Uusi huvila rakennettiin alueen korkeimmalle kohdalle kallion p\u00e4\u00e4lle, josta on upea n\u00e4kym\u00e4 merelle ja Suomenlinnaan. Huvilan it\u00e4puolelle rakennettiin pieni leikkim\u00f6kki, joka on yh\u00e4 paikallaan. Vanha torpparakennus muutettiin vierastaloksi 1900-luvun alussa. Leikkim\u00f6kin ja vierastalon eli Villa Bergvikin v\u00e4linen tasainen alue muokattiin muotopuutarhaksi ja puutarhan koilliselle sivustalle sijoitettiin k\u00e4ym\u00e4l\u00e4. Aluetta halkovan kapean vesiuoman toisella puolella sijaitsi talonmiehen ymp\u00e4rivuotinen asunto.<\/p>\n\n\n\n<p>Huvila pysyi Wuorion perheen k\u00e4yt\u00f6ss\u00e4 kes\u00e4huvilana aina vuoteen 1964 asti, jolloin Salomo Wuorion ainut perillinen arkkitehti Karl Gunnar Valdemar Wuorio myi rakennukset Helsingin kaupungille 20 000 markalla.<\/p>\n\n\n\n<p>Villa Wuorio oli pitk\u00e4\u00e4n vuokrattuna helsingin kaupungin nuorisoasiainkeskukselle. Huvila ja vierastalo kunnostettiin 1990-luvun alussa. Samassa yhteydess\u00e4 purettiin muotopuutarhan reunassa sijainnut k\u00e4ym\u00e4l\u00e4rakennus ja vierastalon pohjoispuolella sijainnut talonmiehen asunto talousrakennuksineen. Wuorion aikaisista poluista ja k\u00e4yt\u00e4vist\u00e4 suurin osa on h\u00e4vinnyt. Muotopuutarhasta on j\u00e4ljell\u00e4 ainoastaan sen keskell\u00e4 sijainnut kaivo. Osa huvilan etel\u00e4julkisivun avokuistista on jossain vaiheessa rakennettu umpeen ja alun perin vernissatut julkisivut on maalattu peittomaalilla.<\/p>\n\n\n\n<figure class=\"wp-block-table\"><table><tbody><tr><td>Kerroslukum\u00e4\u00e4r\u00e4:<\/td><td>Kolmikerroksinen rakennus, jossa on yksi kellarikerros.<\/td><\/tr><tr><td>Perustus:<\/td><td>Harmaa graniittilohkare<\/td><\/tr><tr><td>Runko:<\/td><td>Hirsi<\/td><\/tr><tr><td>Julkisivut:<\/td><td>Rakennuksen loivasti kaartuva satulakatto on katettu pellill\u00e4. Julkisivujen hirsipinta on maalattu rusehtavaksi. Vuorilaudat ovat vihre\u00e4t.<\/td><\/tr><tr><td>Sis\u00e4tilat:<\/td><td>Hirsirunkoinen huvila k\u00e4sitt\u00e4\u00e4 kaksi asuinkerrosta ja n\u00e4iden yl\u00e4puolella matalamman asuinkerroksen, joka oli tarkoitettu palvelusv\u00e4elle. Asuinkerrosten alapuolella on suuri kellari, jonka pohjoispuolelle sisustettiin oleskelutila, jossa on viile\u00e4\u00e4 helteell\u00e4kin. Nyt kellarikerros on kokonaan varastona. Sis\u00e4\u00e4ntulokerros k\u00e4sitt\u00e4\u00e4 eteisen, keitti\u00f6n, porrashallin, ruokasalin, takkahuoneen, alun perin lasten oleskelutilaksi tarkoitetun huoneen, lasitetun kuistin ja avokuistin. Toinen kerros k\u00e4sitt\u00e4\u00e4 kolme suurta huonetta ja yhden pienemm\u00e4n. Kolmas kerros on melko matala ja sis\u00e4lt\u00e4\u00e4 aulatilan ja kaksi kamaria, jotka oli tarkoitettu palvelusv\u00e4elle. Rakennuksen sis\u00e4tiloissa ei ole tehty merkitt\u00e4vi\u00e4 muutoksia. Huonejeko noudattaa p\u00e4\u00e4osin alkuper\u00e4ist\u00e4. Valtaosa maalaamattomista pinnoista on s\u00e4ilynyt alkuper\u00e4isess\u00e4 asussaan, mutta seinien paperoinnit ja tapetoinnit on revitty pois. Sis\u00e4tiloissa on s\u00e4ilynyt runsaasti alkuper\u00e4isi\u00e4 yksityiskohtia kuten panelointeja, v\u00e4liovia, listoja ja vuorilautoja. Pieni osa huvilaan suunnitelluista tammipuisista ja karjalaistyylisill\u00e4 aiheilla koristelluista huonekaluista on yh\u00e4 rakennuksessa. Sis\u00e4\u00e4ntulokerroksen keskeisess\u00e4 salissa on jugendtyylinen takka, pienemm\u00e4ss\u00e4 salissa on kaakeliuuni. My\u00f6s keitti\u00f6n puuhella on s\u00e4ilynyt. Toisen kerroksen kolmessa kamarissa on p\u00f6ntt\u00f6uunit.<\/td><\/tr><tr><td>Ymp. kuvaus:<\/td><td>Villa Wuorion pihapiiriin kuuluu p\u00e4\u00e4rakennuksen lis\u00e4ksi p\u00e4\u00e4rakennusta vanhempi Villa Bergvikin huvilarakennus sek\u00e4 leikkim\u00f6kki. Lis\u00e4ksi alueella on uudempi sauna ja muita uudempia rakennuksia.<\/td><\/tr><tr><td>Suojelutilanne:<\/td><td>sr-1. Rakennustaiteellisesti ja kulttuurihistoriallisesti arvokas rakennus. Rakennusta ei saa purkaa eik\u00e4 siin\u00e4 saa suorittaa sellaisia muutos- tai lis\u00e4rakennust\u00f6it\u00e4, jotka turmelevat julkisivujen tai vesikaton rakennustaiteellista tai kulttuurihistoriallista arvoa tai tyyli\u00e4. Asemakaava 8280\/vahvistettu 14.6.1982.<\/td><\/tr><\/tbody><\/table><\/figure>\n","protected":false},"excerpt":{"rendered":"<p>Aivan Laajasalon etel\u00e4isill\u00e4 rantakallioilla on huvila, josta avautuu uskomaton n\u00e4ky merelle, Suomenlinnaan asti. Jugend-tyylisen rakennuksen arkkitehtuuri on omalaatuisimmasta p\u00e4\u00e4st\u00e4 ja muistuttaa hieman fantasiaelokuvan lavastusta. Villa Wuoriolla on sr-1-suojeluluokitus, eli korkein mahdollinen. Se arvioitiin 1980-luvulla rakennustaiteellisesti ja kulttuurihistoriallisesti arvokkaaksi rakennukseksi, jota ei saa purkaa tai muokata niin, ettei muutokset istu sen [&hellip;]<\/p>\n","protected":false},"author":1,"featured_media":37,"parent":0,"menu_order":0,"comment_status":"closed","ping_status":"closed","template":"","meta":{"om_disable_all_campaigns":false,"_monsterinsights_skip_tracking":false,"_monsterinsights_sitenote_active":false,"_monsterinsights_sitenote_note":"","_monsterinsights_sitenote_category":0,"footnotes":""},"class_list":["post-65","page","type-page","status-publish","has-post-thumbnail","hentry"],"aioseo_notices":[],"_links":{"self":[{"href":"https:\/\/saarenoma.fi\/villawuorio\/wp-json\/wp\/v2\/pages\/65","targetHints":{"allow":["GET"]}}],"collection":[{"href":"https:\/\/saarenoma.fi\/villawuorio\/wp-json\/wp\/v2\/pages"}],"about":[{"href":"https:\/\/saarenoma.fi\/villawuorio\/wp-json\/wp\/v2\/types\/page"}],"author":[{"embeddable":true,"href":"https:\/\/saarenoma.fi\/villawuorio\/wp-json\/wp\/v2\/users\/1"}],"replies":[{"embeddable":true,"href":"https:\/\/saarenoma.fi\/villawuorio\/wp-json\/wp\/v2\/comments?post=65"}],"version-history":[{"count":2,"href":"https:\/\/saarenoma.fi\/villawuorio\/wp-json\/wp\/v2\/pages\/65\/revisions"}],"predecessor-version":[{"id":68,"href":"https:\/\/saarenoma.fi\/villawuorio\/wp-json\/wp\/v2\/pages\/65\/revisions\/68"}],"wp:featuredmedia":[{"embeddable":true,"href":"https:\/\/saarenoma.fi\/villawuorio\/wp-json\/wp\/v2\/media\/37"}],"wp:attachment":[{"href":"https:\/\/saarenoma.fi\/villawuorio\/wp-json\/wp\/v2\/media?parent=65"}],"curies":[{"name":"wp","href":"https:\/\/api.w.org\/{rel}","templated":true}]}}