{"id":69,"date":"2021-07-14T11:25:19","date_gmt":"2021-07-14T11:25:19","guid":{"rendered":"https:\/\/saarenoma.fi\/villawuorio\/?page_id=69"},"modified":"2026-03-29T12:10:37","modified_gmt":"2026-03-29T12:10:37","slug":"kesakahvila","status":"publish","type":"page","link":"https:\/\/saarenoma.fi\/villawuorio\/kesakahvila\/","title":{"rendered":"Kahvila &amp; Baari Wuorion Ranta"},"content":{"rendered":"\n<p><strong>Wuorion Ran<\/strong>ta on avoinna <strong>huhtikuussa<\/strong><br>pe klo 17-20 <br>la klo 12-18<br>su klo 12-16<br><br><em>HUOM! Pitk\u00e4perjantaina 3.4. Wuorion Ranta on avoinna klo 12-19 ja sen j\u00e4lkeen ilta jatkuu Villa Wuoriossa <a href=\"https:\/\/saarenoma.fi\/villawuorio\/event\/pitkaperjantain-k-40-kasaridisko\/\" title=\"\">Pitk\u00e4perjantain kasaridiskossa<\/a><\/em><\/p>\n\n\n\n<p><em>Su 26.4.<a href=\"https:\/\/saarenoma.fi\/villawuorio\/event\/saaren-oma-hyva-olo-kevat-2026\/\" title=\"\"> Saaren Oma Hyv\u00e4n Olo &#8211; hyvinvoinnin minimessut <\/a><\/em><\/p>\n\n\n\n<p>Kahvin, teen, kaakaon ja alkoholittomien virvokkeiden ohella tarjolla on valikoima viinej\u00e4 ja kuplivaa, olutta ja siideri\u00e4, sek\u00e4 kahvilan rakastettuja suolaisia ja makeita piirakoita, sek\u00e4 lohikeittolounas kehutun saaristolaisleip\u00e4mme kera.<\/p>\n\n\n\n<p>Seuraa my\u00f6s <a href=\"https:\/\/saarenoma.fi\/villawuorio\/events\/\" title=\"\">tapahtumakalenteriamme<\/a>  ja ilmoitteluamme sosiaalisessa mediassa.<\/p>\n\n\n\n<hr class=\"wp-block-separator has-alpha-channel-opacity\"\/>\n\n\n\n<p>Wuorion huvila-alueella toimii kausikahvila ja baari Wuorion Ranta. Se sijoittuu Villa Wuorion vierastaloon, Villa Bergvikiin, joka on sympaattinen mansardikattoinen pikkuhuvila aivan meren rannassa.<\/p>\n\n\n\n<p>Meille p\u00e4\u00e4see hyvin py\u00f6r\u00e4ll\u00e4, autolla ja bussilla 86. Valitettavasti venelaiturimme on pois k\u00e4yt\u00f6st\u00e4.<\/p>\n\n\n\n<p>Koirat ovat meille tervetulleita niin terassille kuin sis\u00e4lle asti!<\/p>\n\n\n\n<p>Vuokraamme Villa Bergvikia my\u00f6s yksityistilaisuuksiin. Katso <strong><a href=\"https:\/\/photos.app.goo.gl\/3yo5vnw93APPieWbA\" title=\"\">Kuvagalleria<\/a> <\/strong>ja lue lis\u00e4\u00e4 <strong><a href=\"https:\/\/saarenoma.fi\/villawuorio\/tilat\/\" title=\"\">Tilat<\/a><\/strong>-v\u00e4lilehdelt\u00e4.<\/p>\n\n\n\n<hr class=\"wp-block-separator has-alpha-channel-opacity\"\/>\n\n\n\n<p>Wuorion Rannassa on my\u00f6s vaihtuva taiden\u00e4yttely. Kaudella 2025 saimme nauttia seuraavien taiteilijoiden taiteesta:<br><em>15.2.-16.3. Sinikka Haapanen<br>17.3.-27.4. Piia Varism\u00e4ki \/ Fly me to the moon<\/em><br><em>28.4.-1.6. Piia Ker\u00e4nen<br>6.-8.6. Lasten Taideleiri Tutum &#8211; 1. leiriviikon p\u00e4\u00e4t\u00f6sn\u00e4yttely<br>13.-15.6. Lasten Taideleiri Tutum &#8211; 2. leiriviikon p\u00e4\u00e4t\u00f6sn\u00e4yttely<br>19.6.-27.7. Sofia Zida \/ Olet enemm\u00e4n kuin uskot<br>28.7.-17.8. Tarja Gallacher Akvarelleja<br>18.8.-21.9. Carolina Mac-Iver \/ Maailman naisia<\/em><br><em>22.9.-26.10. Sanna Chibani \/ Tuulahdus<\/em><\/p>\n\n\n\n<hr class=\"wp-block-separator has-alpha-channel-opacity\"\/>\n\n\n\n<p><\/p>\n\n\n\n<figure class=\"wp-block-gallery has-nested-images columns-default is-cropped wp-block-gallery-1 is-layout-flex wp-block-gallery-is-layout-flex\">\n<figure class=\"wp-block-image size-large\"><img loading=\"lazy\" decoding=\"async\" width=\"1024\" height=\"768\" data-id=\"179\" src=\"https:\/\/saarenoma.fi\/villawuorio\/wp-content\/uploads\/2021\/07\/212554968_118909267086756_1435551667917439393_n-1-1024x768.jpg\" alt=\"\" class=\"wp-image-179\" srcset=\"https:\/\/saarenoma.fi\/villawuorio\/wp-content\/uploads\/2021\/07\/212554968_118909267086756_1435551667917439393_n-1-1024x768.jpg 1024w, https:\/\/saarenoma.fi\/villawuorio\/wp-content\/uploads\/2021\/07\/212554968_118909267086756_1435551667917439393_n-1-300x225.jpg 300w, https:\/\/saarenoma.fi\/villawuorio\/wp-content\/uploads\/2021\/07\/212554968_118909267086756_1435551667917439393_n-1-768x576.jpg 768w, https:\/\/saarenoma.fi\/villawuorio\/wp-content\/uploads\/2021\/07\/212554968_118909267086756_1435551667917439393_n-1-1536x1152.jpg 1536w, https:\/\/saarenoma.fi\/villawuorio\/wp-content\/uploads\/2021\/07\/212554968_118909267086756_1435551667917439393_n-1-600x450.jpg 600w, https:\/\/saarenoma.fi\/villawuorio\/wp-content\/uploads\/2021\/07\/212554968_118909267086756_1435551667917439393_n-1.jpg 1600w\" sizes=\"auto, (max-width: 1024px) 100vw, 1024px\" \/><\/figure>\n<\/figure>\n\n\n\n<figure class=\"wp-block-gallery has-nested-images columns-default is-cropped wp-block-gallery-2 is-layout-flex wp-block-gallery-is-layout-flex\">\n<figure class=\"wp-block-image size-large\"><img loading=\"lazy\" decoding=\"async\" width=\"768\" height=\"1024\" data-id=\"194\" src=\"https:\/\/saarenoma.fi\/villawuorio\/wp-content\/uploads\/2021\/07\/mod-5-768x1024.jpg\" alt=\"\" class=\"wp-image-194\" srcset=\"https:\/\/saarenoma.fi\/villawuorio\/wp-content\/uploads\/2021\/07\/mod-5-768x1024.jpg 768w, https:\/\/saarenoma.fi\/villawuorio\/wp-content\/uploads\/2021\/07\/mod-5-225x300.jpg 225w, https:\/\/saarenoma.fi\/villawuorio\/wp-content\/uploads\/2021\/07\/mod-5-1152x1536.jpg 1152w, https:\/\/saarenoma.fi\/villawuorio\/wp-content\/uploads\/2021\/07\/mod-5-1536x2048.jpg 1536w, https:\/\/saarenoma.fi\/villawuorio\/wp-content\/uploads\/2021\/07\/mod-5-600x800.jpg 600w, https:\/\/saarenoma.fi\/villawuorio\/wp-content\/uploads\/2021\/07\/mod-5-scaled.jpg 1920w\" sizes=\"auto, (max-width: 768px) 100vw, 768px\" \/><figcaption class=\"wp-element-caption\">Kuva: Elisabeth Rundl\u00f6f<\/figcaption><\/figure>\n<\/figure>\n\n\n\n<p><\/p>\n","protected":false},"excerpt":{"rendered":"<p>Wuorion Ranta on avoinna huhtikuussape klo 17-20 la klo 12-18su klo 12-16 HUOM! Pitk\u00e4perjantaina 3.4. Wuorion Ranta on avoinna klo 12-19 ja sen j\u00e4lkeen ilta jatkuu Villa Wuoriossa Pitk\u00e4perjantain kasaridiskossa Su 26.4. Saaren Oma Hyv\u00e4n Olo &#8211; hyvinvoinnin minimessut Kahvin, teen, kaakaon ja alkoholittomien virvokkeiden ohella tarjolla on valikoima viinej\u00e4 [&hellip;]<\/p>\n","protected":false},"author":1,"featured_media":140,"parent":0,"menu_order":0,"comment_status":"closed","ping_status":"closed","template":"","meta":{"om_disable_all_campaigns":false,"_monsterinsights_skip_tracking":false,"_monsterinsights_sitenote_active":false,"_monsterinsights_sitenote_note":"","_monsterinsights_sitenote_category":0,"footnotes":""},"class_list":["post-69","page","type-page","status-publish","has-post-thumbnail","hentry"],"aioseo_notices":[],"_links":{"self":[{"href":"https:\/\/saarenoma.fi\/villawuorio\/wp-json\/wp\/v2\/pages\/69","targetHints":{"allow":["GET"]}}],"collection":[{"href":"https:\/\/saarenoma.fi\/villawuorio\/wp-json\/wp\/v2\/pages"}],"about":[{"href":"https:\/\/saarenoma.fi\/villawuorio\/wp-json\/wp\/v2\/types\/page"}],"author":[{"embeddable":true,"href":"https:\/\/saarenoma.fi\/villawuorio\/wp-json\/wp\/v2\/users\/1"}],"replies":[{"embeddable":true,"href":"https:\/\/saarenoma.fi\/villawuorio\/wp-json\/wp\/v2\/comments?post=69"}],"version-history":[{"count":187,"href":"https:\/\/saarenoma.fi\/villawuorio\/wp-json\/wp\/v2\/pages\/69\/revisions"}],"predecessor-version":[{"id":1982,"href":"https:\/\/saarenoma.fi\/villawuorio\/wp-json\/wp\/v2\/pages\/69\/revisions\/1982"}],"wp:featuredmedia":[{"embeddable":true,"href":"https:\/\/saarenoma.fi\/villawuorio\/wp-json\/wp\/v2\/media\/140"}],"wp:attachment":[{"href":"https:\/\/saarenoma.fi\/villawuorio\/wp-json\/wp\/v2\/media?parent=69"}],"curies":[{"name":"wp","href":"https:\/\/api.w.org\/{rel}","templated":true}]}}